{"id":12821,"date":"2016-09-21T12:56:46","date_gmt":"2016-09-21T09:56:46","guid":{"rendered":"http:\/\/spomag-lv.localhost\/?page_id=12821"},"modified":"2016-09-21T13:13:45","modified_gmt":"2016-09-21T10:13:45","slug":"thermoball-2","status":"publish","type":"page","link":"https:\/\/sportland.lv\/magazine\/thermoball-2\/","title":{"rendered":"THERMOBALL"},"content":{"rendered":"<p>&nbsp;<\/p>\n<p><a href=\"https:\/\/www.thenorthface.com\/about-us\/technology-innovation\/technology\/thermoball.html\" class=\"img-link\" ><img loading=\"lazy\" decoding=\"async\" class=\"normal alignleft size-full wp-image-12827\" src=\"http:\/\/sportlandmagazine.com\/lat\/wp-content\/uploads\/2016\/09\/thermoball-1.png\" alt=\"\" width=\"406\" height=\"110\" srcset=\"https:\/\/sportland.lv\/magazine\/wp-content\/uploads\/2016\/09\/thermoball-1.png 406w, https:\/\/sportland.lv\/magazine\/wp-content\/uploads\/2016\/09\/thermoball-1-300x81.png 300w\" sizes=\"auto, (max-width: 406px) 100vw, 406px\" \/><\/a><\/p>\n<p>&nbsp;<\/p>\n<p>&nbsp;<\/p>\n<p>&nbsp;<\/p>\n<p><span style=\"font-size: 14pt;\">M\u016bsu st\u0101sts:<\/span><\/p>\n<p>\u00a0 \u00a0 M\u0113s esam nosaukti par godu aukst\u0101kajai, skarb\u0101kajai kalnu pusei &#8211; Zieme\u013cu pusei. M\u0113s esam pal\u012bdz\u0113ju\u0161i p\u0113tniekiem sasniegt visliel\u0101kos augstumus Himalajos, bet The North Face\u00ae le\u0123enda s\u0101k\u0101s, ironisk\u0101 k\u0101rt\u0101, pludmal\u0113. Prec\u012bz\u0101k, Sanfrancisko Zieme\u013cu pludmales apk\u0101rtn\u0113, vien 150 p\u0113das virs j\u016bras l\u012bme\u0146a. Tas bija 1966. gad\u0101, kad divi p\u0101rg\u0101jienu entuziasti nol\u0113ma sekot savai kaisl\u012bbai un nodibin\u0101ja nelielu alp\u012bnisma mazumtirdzniec\u012bbas veikalu.<\/p>\n<p>\u00a0 \u00a0 Dr\u012bz p\u0113c tam \u0161is mazais veikali\u0146\u0161 k\u013cuva paz\u012bstams k\u0101 The North Face, mazumtirgot\u0101js augsta l\u012bme\u0146a k\u0101p\u0161anas ekip\u0113jumam. 1968. gad\u0101 The North Face p\u0101rc\u0113l\u0101s uz otru Sanfrancisko l\u012b\u010da puses Barkelejas apgabalu, kur s\u0101ka projekt\u0113t un izgatavot sava z\u012bmola alp\u012bnisma ap\u0123\u0113rbu un apr\u012bkojumu.<\/p>\n<p>\u00a0 \u00a0 Se\u0161desmitajos gados The North Face z\u012bmols s\u0101ka sponsor\u0113t da\u017e\u0101das eksped\u012bcijas uz t\u0101l\u0101kaj\u0101m, neaizsniedzam\u0101kaj\u0101m pasaules mal\u0101m. Tas k\u013cuva par lepnu trad\u012bciju, kas turpin\u0101s v\u0113l\u00a0ar\u012b \u0161aj\u0101s dien\u0101s un past\u0101v\u012bgi pastiprina The North Face mantru &#8211; <em>Never Stop Exploring\u2122<\/em> jeb\u00a0<em>nekad neapst\u0101jies atkl\u0101t ko jaunu.\u00a0<\/em><\/p>\n<p>\u00a0 \u00a0 Agr\u012bnajos asto\u0146desmitajos The North Face veica v\u0113l nebiju\u0161u izp\u0113ti sl\u0113po\u0161anas industrij\u0101, pievienojot ekstr\u0113mai sl\u0113po\u0161anai paredz\u0113tus produktus savam pied\u0101v\u0101jumam. Tie bija paste\u013cu, neona, matu kr\u0101su un\u00a0<em>mohawku\u00a0<\/em>laiki; vi\u0146i izveidoja pamatus m\u016bsdienu br\u012bvi dom\u0101jo\u0161ajiem sniega ekstr\u0113mo sporta veidu atl\u0113tiem. L\u012bdz desmitgades beig\u0101m, The North Face k\u013cuva par vien\u012bgo augstas veiktsp\u0113jas virsdr\u0113bju, sl\u0113po\u0161anas ap\u0123\u0113rba, gu\u013cammaisu un tel\u0161u pieg\u0101d\u0101t\u0101ju ASV.<\/p>\n<p>\u00a0 \u00a0 1990. gad\u0101 s\u0101k\u0101s laikmets, kura laik\u0101 The North Face papla\u0161in\u0101ja atl\u0113tu robe\u017eas, kas \u013c\u0101va sasniegt ar vien augst\u0101kus l\u012bme\u0146us. Ar Tekware\u2122 \u0161\u012b desmitgade piedz\u012bvoja debiju m\u016bsu sporta ap\u0123\u0113rbu tirg\u016b, inovat\u012bva alp\u012bnistu, klin\u0161u k\u0101p\u0113ju, taku g\u0101j\u0113ju un parasto ce\u013cot\u0101ju vajadz\u012bb\u0101m izveidota, jaun\u0101m funkcij\u0101m papildin\u0101tu ekip\u0113jumu.<\/p>\n<p>\u00a0 \u00a0 The North Face logo ar vien bie\u017e\u0101k s\u0101ka par\u0101d\u012bties ultramaratonos, kalnu tak\u0101s, k\u0101 ar\u012b uz rekl\u0101mas sien\u0101m. S\u0101koties jaunam gadsimtam, The North Face uzs\u0101ka savu p\u0101rg\u0101jienu un taku-skrie\u0161anas apavu izstr\u0101di, lai apmierin\u0101tu ar vien vair\u0101k cilv\u0113ku pras\u012bbas un vajadz\u012bbas, kas \u013cautu tiem sasniegt ar vien jaunus apv\u0101r\u0161\u0146us.<\/p>\n<p>\u00a0 \u00a0 Tagad, vair\u0101k nek\u0101 40 gadus p\u0113c liel\u0101s atkl\u0101\u0161an\u0101s, The North Face nodro\u0161ina pla\u0161u augstas veikstp\u0113jas ap\u0123\u0113rbu l\u012bniju, apr\u012bkojumu un apavus, ar vien papla\u0161inot inov\u0101ciju robe\u017eas, lai j\u016bs var\u0113tu atkl\u0101t ar vien vair\u0101k un vair\u0101k. M\u0113s esam lepni, ka esam alp\u012bnistu, ekstr\u0113mo sl\u0113pot\u0101ju, snovbordistu, iztur\u012bbas skr\u0113j\u0113ju un citu atl\u0113tu pirm\u0101 izv\u0113le.\u00a0<\/p>\n<p>\u00a0 \u00a0 Nav ko lieki piebilst par m\u016bsu turpm\u0101ko 40 gadu pl\u0101nu. M\u0113s uztur\u0113sim savu neievainojamo ap\u0146\u0113m\u012bbu sasniegt jaunas robe\u017eas ra\u017eo\u0161an\u0101, lai j\u016bs var\u0113tu sasniegt jaunas robe\u017eas \u0101rpasaul\u0113.\u00a0<\/p>\n<p><em><span style=\"font-size: 12pt;\">Never Stop Exploring\u2122<\/span><\/em><\/p>\n<p>THERMOBALL jakas:<\/p>\n<ul style=\"list-style-type: circle;\">\n<li>Saglab\u0101 siltumu pat slapjos laikapst\u0101\u0137\u013cos<\/li>\n<li>\u013boti viegla<\/li>\n<li>\u0112rti kopjama<\/li>\n<\/ul>\n<p><span style=\"font-size: 14pt;\"><strong>V\u012aRIE\u0160U JAKAS:<\/strong><\/span><\/p>\n<div id='gallery-1' class='gallery galleryid-12821 gallery-columns-3 gallery-size-thumbnail'><figure class='gallery-item'>\n\t\t\t<div class='gallery-icon portrait'>\n\t\t\t\t<a href='https:\/\/sportland.lv\/magazine\/wp-content\/uploads\/2016\/09\/M-Thermoball-Hoodie-1.jpg'><img loading=\"lazy\" decoding=\"async\" width=\"150\" height=\"150\" src=\"https:\/\/sportland.lv\/magazine\/wp-content\/uploads\/2016\/09\/M-Thermoball-Hoodie-1-150x150.jpg\" class=\"attachment-thumbnail size-thumbnail\" alt=\"\" aria-describedby=\"gallery-1-12550\" srcset=\"https:\/\/sportland.lv\/magazine\/wp-content\/uploads\/2016\/09\/M-Thermoball-Hoodie-1-150x150.jpg 150w, https:\/\/sportland.lv\/magazine\/wp-content\/uploads\/2016\/09\/M-Thermoball-Hoodie-1-75x75.jpg 75w\" sizes=\"auto, (max-width: 150px) 100vw, 150px\" \/><\/a>\n\t\t\t<\/div>\n\t\t\t\t<figcaption class='wp-caption-text gallery-caption' id='gallery-1-12550'>\n\t\t\t\tM THERMOBALL ar klienta karti: 179,00 parast\u0101 cena: 219,95\n\t\t\t\t<\/figcaption><\/figure><figure class='gallery-item'>\n\t\t\t<div class='gallery-icon portrait'>\n\t\t\t\t<a href='https:\/\/sportland.lv\/magazine\/wp-content\/uploads\/2016\/09\/M-Thermoball-Jacket-2.jpg'><img loading=\"lazy\" decoding=\"async\" width=\"150\" height=\"150\" src=\"https:\/\/sportland.lv\/magazine\/wp-content\/uploads\/2016\/09\/M-Thermoball-Jacket-2-150x150.jpg\" class=\"attachment-thumbnail size-thumbnail\" alt=\"\" aria-describedby=\"gallery-1-12552\" srcset=\"https:\/\/sportland.lv\/magazine\/wp-content\/uploads\/2016\/09\/M-Thermoball-Jacket-2-150x150.jpg 150w, https:\/\/sportland.lv\/magazine\/wp-content\/uploads\/2016\/09\/M-Thermoball-Jacket-2-75x75.jpg 75w\" sizes=\"auto, (max-width: 150px) 100vw, 150px\" \/><\/a>\n\t\t\t<\/div>\n\t\t\t\t<figcaption class='wp-caption-text gallery-caption' id='gallery-1-12552'>\n\t\t\t\tM THERMOBALL ar klienta karti: 159,00 parast\u0101 cena: 199,95\n\t\t\t\t<\/figcaption><\/figure><figure class='gallery-item'>\n\t\t\t<div class='gallery-icon portrait'>\n\t\t\t\t<a href='https:\/\/sportland.lv\/magazine\/wp-content\/uploads\/2016\/09\/M-Thermoball-Jacket.jpg'><img loading=\"lazy\" decoding=\"async\" width=\"150\" height=\"150\" src=\"https:\/\/sportland.lv\/magazine\/wp-content\/uploads\/2016\/09\/M-Thermoball-Jacket-150x150.jpg\" class=\"attachment-thumbnail size-thumbnail\" alt=\"\" aria-describedby=\"gallery-1-12551\" srcset=\"https:\/\/sportland.lv\/magazine\/wp-content\/uploads\/2016\/09\/M-Thermoball-Jacket-150x150.jpg 150w, https:\/\/sportland.lv\/magazine\/wp-content\/uploads\/2016\/09\/M-Thermoball-Jacket-75x75.jpg 75w\" sizes=\"auto, (max-width: 150px) 100vw, 150px\" \/><\/a>\n\t\t\t<\/div>\n\t\t\t\t<figcaption class='wp-caption-text gallery-caption' id='gallery-1-12551'>\n\t\t\t\tM THERMOBALL ar klienta karti: 159,00 parast\u0101 cena: 199,95\n\t\t\t\t<\/figcaption><\/figure><figure class='gallery-item'>\n\t\t\t<div class='gallery-icon portrait'>\n\t\t\t\t<a href='https:\/\/sportland.lv\/magazine\/wp-content\/uploads\/2016\/09\/M-Trevail-Jacket.jpg'><img loading=\"lazy\" decoding=\"async\" width=\"150\" height=\"150\" src=\"https:\/\/sportland.lv\/magazine\/wp-content\/uploads\/2016\/09\/M-Trevail-Jacket-150x150.jpg\" class=\"attachment-thumbnail size-thumbnail\" alt=\"\" aria-describedby=\"gallery-1-12554\" srcset=\"https:\/\/sportland.lv\/magazine\/wp-content\/uploads\/2016\/09\/M-Trevail-Jacket-150x150.jpg 150w, https:\/\/sportland.lv\/magazine\/wp-content\/uploads\/2016\/09\/M-Trevail-Jacket-75x75.jpg 75w\" sizes=\"auto, (max-width: 150px) 100vw, 150px\" \/><\/a>\n\t\t\t<\/div>\n\t\t\t\t<figcaption class='wp-caption-text gallery-caption' id='gallery-1-12554'>\n\t\t\t\tM TREVAIL JACKET ar klienta karti: 170,95 parast\u0101 cena: 179,95\n\t\t\t\t<\/figcaption><\/figure><figure class='gallery-item'>\n\t\t\t<div class='gallery-icon portrait'>\n\t\t\t\t<a href='https:\/\/sportland.lv\/magazine\/wp-content\/uploads\/2016\/09\/M-Trevail-Hoodie.jpg'><img loading=\"lazy\" decoding=\"async\" width=\"150\" height=\"150\" src=\"https:\/\/sportland.lv\/magazine\/wp-content\/uploads\/2016\/09\/M-Trevail-Hoodie-150x150.jpg\" class=\"attachment-thumbnail size-thumbnail\" alt=\"\" aria-describedby=\"gallery-1-12553\" srcset=\"https:\/\/sportland.lv\/magazine\/wp-content\/uploads\/2016\/09\/M-Trevail-Hoodie-150x150.jpg 150w, https:\/\/sportland.lv\/magazine\/wp-content\/uploads\/2016\/09\/M-Trevail-Hoodie-75x75.jpg 75w\" sizes=\"auto, (max-width: 150px) 100vw, 150px\" \/><\/a>\n\t\t\t<\/div>\n\t\t\t\t<figcaption class='wp-caption-text gallery-caption' id='gallery-1-12553'>\n\t\t\t\tM TREVAIL HOODIE ar klienta karti:  189,95 parast\u0101 cena: 199,95\n\t\t\t\t<\/figcaption><\/figure><figure class='gallery-item'>\n\t\t\t<div class='gallery-icon portrait'>\n\t\t\t\t<a href='https:\/\/sportland.lv\/magazine\/wp-content\/uploads\/2016\/09\/M-Verto-Prima-2.jpg'><img loading=\"lazy\" decoding=\"async\" width=\"150\" height=\"150\" src=\"https:\/\/sportland.lv\/magazine\/wp-content\/uploads\/2016\/09\/M-Verto-Prima-2-150x150.jpg\" class=\"attachment-thumbnail size-thumbnail\" alt=\"\" aria-describedby=\"gallery-1-12556\" srcset=\"https:\/\/sportland.lv\/magazine\/wp-content\/uploads\/2016\/09\/M-Verto-Prima-2-150x150.jpg 150w, https:\/\/sportland.lv\/magazine\/wp-content\/uploads\/2016\/09\/M-Verto-Prima-2-75x75.jpg 75w\" sizes=\"auto, (max-width: 150px) 100vw, 150px\" \/><\/a>\n\t\t\t<\/div>\n\t\t\t\t<figcaption class='wp-caption-text gallery-caption' id='gallery-1-12556'>\n\t\t\t\tM VERTO PRIMA ar klienta karti: 246,95 parast\u0101 cena: 259,95\n\t\t\t\t<\/figcaption><\/figure><figure class='gallery-item'>\n\t\t\t<div class='gallery-icon portrait'>\n\t\t\t\t<a href='https:\/\/sportland.lv\/magazine\/wp-content\/uploads\/2016\/09\/M-Verto-Prima-3.jpg'><img loading=\"lazy\" decoding=\"async\" width=\"150\" height=\"150\" src=\"https:\/\/sportland.lv\/magazine\/wp-content\/uploads\/2016\/09\/M-Verto-Prima-3-150x150.jpg\" class=\"attachment-thumbnail size-thumbnail\" alt=\"\" aria-describedby=\"gallery-1-12557\" srcset=\"https:\/\/sportland.lv\/magazine\/wp-content\/uploads\/2016\/09\/M-Verto-Prima-3-150x150.jpg 150w, https:\/\/sportland.lv\/magazine\/wp-content\/uploads\/2016\/09\/M-Verto-Prima-3-75x75.jpg 75w\" sizes=\"auto, (max-width: 150px) 100vw, 150px\" \/><\/a>\n\t\t\t<\/div>\n\t\t\t\t<figcaption class='wp-caption-text gallery-caption' id='gallery-1-12557'>\n\t\t\t\tM VERTO PRIMA ar klienta karti: 246,95 parast\u0101 cena: 259,95\n\t\t\t\t<\/figcaption><\/figure><figure class='gallery-item'>\n\t\t\t<div class='gallery-icon portrait'>\n\t\t\t\t<a href='https:\/\/sportland.lv\/magazine\/wp-content\/uploads\/2016\/09\/M-Verto-Prima.jpg'><img loading=\"lazy\" decoding=\"async\" width=\"150\" height=\"150\" src=\"https:\/\/sportland.lv\/magazine\/wp-content\/uploads\/2016\/09\/M-Verto-Prima-150x150.jpg\" class=\"attachment-thumbnail size-thumbnail\" alt=\"\" aria-describedby=\"gallery-1-12555\" srcset=\"https:\/\/sportland.lv\/magazine\/wp-content\/uploads\/2016\/09\/M-Verto-Prima-150x150.jpg 150w, https:\/\/sportland.lv\/magazine\/wp-content\/uploads\/2016\/09\/M-Verto-Prima-75x75.jpg 75w\" sizes=\"auto, (max-width: 150px) 100vw, 150px\" \/><\/a>\n\t\t\t<\/div>\n\t\t\t\t<figcaption class='wp-caption-text gallery-caption' id='gallery-1-12555'>\n\t\t\t\tM VERTO PRIMA ar klienta karti: 246,95 parast\u0101 cena: 259,95\n\t\t\t\t<\/figcaption><\/figure>\n\t\t<\/div>\n\n<p>&nbsp;<\/p>\n<p><span style=\"font-size: 14pt;\"><strong>SIEVIE\u0160U JAKAS:\u00a0<\/strong><\/span><\/p>\n<div id='gallery-2' class='gallery galleryid-12821 gallery-columns-3 gallery-size-thumbnail'><figure class='gallery-item'>\n\t\t\t<div class='gallery-icon portrait'>\n\t\t\t\t<a href='https:\/\/sportland.lv\/magazine\/wp-content\/uploads\/2016\/09\/W-Thermoball-Jacket-2.jpg'><img loading=\"lazy\" decoding=\"async\" width=\"150\" height=\"150\" src=\"https:\/\/sportland.lv\/magazine\/wp-content\/uploads\/2016\/09\/W-Thermoball-Jacket-2-150x150.jpg\" class=\"attachment-thumbnail size-thumbnail\" alt=\"\" aria-describedby=\"gallery-2-12561\" srcset=\"https:\/\/sportland.lv\/magazine\/wp-content\/uploads\/2016\/09\/W-Thermoball-Jacket-2-150x150.jpg 150w, https:\/\/sportland.lv\/magazine\/wp-content\/uploads\/2016\/09\/W-Thermoball-Jacket-2-75x75.jpg 75w\" sizes=\"auto, (max-width: 150px) 100vw, 150px\" \/><\/a>\n\t\t\t<\/div>\n\t\t\t\t<figcaption class='wp-caption-text gallery-caption' id='gallery-2-12561'>\n\t\t\t\tW THERMOBALL ar klienta karti: 159,00 parast\u0101 cena: 199,95\n\t\t\t\t<\/figcaption><\/figure><figure class='gallery-item'>\n\t\t\t<div class='gallery-icon portrait'>\n\t\t\t\t<a href='https:\/\/sportland.lv\/magazine\/wp-content\/uploads\/2016\/09\/W-Thermoball-Jacket.jpg'><img loading=\"lazy\" decoding=\"async\" width=\"150\" height=\"150\" src=\"https:\/\/sportland.lv\/magazine\/wp-content\/uploads\/2016\/09\/W-Thermoball-Jacket-150x150.jpg\" class=\"attachment-thumbnail size-thumbnail\" alt=\"\" aria-describedby=\"gallery-2-12560\" srcset=\"https:\/\/sportland.lv\/magazine\/wp-content\/uploads\/2016\/09\/W-Thermoball-Jacket-150x150.jpg 150w, https:\/\/sportland.lv\/magazine\/wp-content\/uploads\/2016\/09\/W-Thermoball-Jacket-75x75.jpg 75w\" sizes=\"auto, (max-width: 150px) 100vw, 150px\" \/><\/a>\n\t\t\t<\/div>\n\t\t\t\t<figcaption class='wp-caption-text gallery-caption' id='gallery-2-12560'>\n\t\t\t\tW THERMOBALL ar klienta karti: 159,00 parast\u0101 cena: 199,95\n\t\t\t\t<\/figcaption><\/figure><figure class='gallery-item'>\n\t\t\t<div class='gallery-icon portrait'>\n\t\t\t\t<a href='https:\/\/sportland.lv\/magazine\/wp-content\/uploads\/2016\/09\/W-Thermoball-Hoodie-2.jpg'><img loading=\"lazy\" decoding=\"async\" width=\"150\" height=\"150\" src=\"https:\/\/sportland.lv\/magazine\/wp-content\/uploads\/2016\/09\/W-Thermoball-Hoodie-2-150x150.jpg\" class=\"attachment-thumbnail size-thumbnail\" alt=\"\" aria-describedby=\"gallery-2-12559\" srcset=\"https:\/\/sportland.lv\/magazine\/wp-content\/uploads\/2016\/09\/W-Thermoball-Hoodie-2-150x150.jpg 150w, https:\/\/sportland.lv\/magazine\/wp-content\/uploads\/2016\/09\/W-Thermoball-Hoodie-2-75x75.jpg 75w\" sizes=\"auto, (max-width: 150px) 100vw, 150px\" \/><\/a>\n\t\t\t<\/div>\n\t\t\t\t<figcaption class='wp-caption-text gallery-caption' id='gallery-2-12559'>\n\t\t\t\tW THERMOBALL ar klienta karti: 179,00 parast\u0101 cena: 219,95\n\t\t\t\t<\/figcaption><\/figure><figure class='gallery-item'>\n\t\t\t<div class='gallery-icon portrait'>\n\t\t\t\t<a href='https:\/\/sportland.lv\/magazine\/wp-content\/uploads\/2016\/09\/W-Thermoball-Hoodie.jpg'><img loading=\"lazy\" decoding=\"async\" width=\"150\" height=\"150\" src=\"https:\/\/sportland.lv\/magazine\/wp-content\/uploads\/2016\/09\/W-Thermoball-Hoodie-150x150.jpg\" class=\"attachment-thumbnail size-thumbnail\" alt=\"\" aria-describedby=\"gallery-2-12558\" srcset=\"https:\/\/sportland.lv\/magazine\/wp-content\/uploads\/2016\/09\/W-Thermoball-Hoodie-150x150.jpg 150w, https:\/\/sportland.lv\/magazine\/wp-content\/uploads\/2016\/09\/W-Thermoball-Hoodie-75x75.jpg 75w\" sizes=\"auto, (max-width: 150px) 100vw, 150px\" \/><\/a>\n\t\t\t<\/div>\n\t\t\t\t<figcaption class='wp-caption-text gallery-caption' id='gallery-2-12558'>\n\t\t\t\tW THERMOBALL ar klienta karti: 179,00 parast\u0101 cena: 219,95\n\t\t\t\t<\/figcaption><\/figure><figure class='gallery-item'>\n\t\t\t<div class='gallery-icon portrait'>\n\t\t\t\t<a href='https:\/\/sportland.lv\/magazine\/wp-content\/uploads\/2016\/09\/W-Verto-Prima.jpg'><img loading=\"lazy\" decoding=\"async\" width=\"150\" height=\"150\" src=\"https:\/\/sportland.lv\/magazine\/wp-content\/uploads\/2016\/09\/W-Verto-Prima-150x150.jpg\" class=\"attachment-thumbnail size-thumbnail\" alt=\"\" aria-describedby=\"gallery-2-12562\" srcset=\"https:\/\/sportland.lv\/magazine\/wp-content\/uploads\/2016\/09\/W-Verto-Prima-150x150.jpg 150w, https:\/\/sportland.lv\/magazine\/wp-content\/uploads\/2016\/09\/W-Verto-Prima-75x75.jpg 75w\" sizes=\"auto, (max-width: 150px) 100vw, 150px\" \/><\/a>\n\t\t\t<\/div>\n\t\t\t\t<figcaption class='wp-caption-text gallery-caption' id='gallery-2-12562'>\n\t\t\t\tW WERTO PRIMA ar klienta karti: 246,95 parast\u0101 cena: 259,95\n\t\t\t\t<\/figcaption><\/figure>\n\t\t<\/div>\n\n<p><iframe loading=\"lazy\" src=\"\/\/www.youtube.com\/embed\/7cTlBvQz7Ng\" width=\"560\" height=\"314\" allowfullscreen=\"allowfullscreen\"><\/iframe><\/p>\n","protected":false},"excerpt":{"rendered":"<p>&nbsp; &nbsp; &nbsp; &nbsp; M\u016bsu st\u0101sts: \u00a0 \u00a0 M\u0113s esam nosaukti par godu aukst\u0101kajai, skarb\u0101kajai kalnu pusei &#8211; Zieme\u013cu pusei.\u2026<\/p>\n","protected":false},"author":9,"featured_media":12822,"parent":0,"menu_order":0,"comment_status":"closed","ping_status":"closed","template":"","meta":{"_acf_changed":false,"footnotes":""},"class_list":["post-12821","page","type-page","status-publish","has-post-thumbnail","hentry"],"acf":[],"_links":{"self":[{"href":"https:\/\/sportland.lv\/magazine\/wp-json\/wp\/v2\/pages\/12821","targetHints":{"allow":["GET"]}}],"collection":[{"href":"https:\/\/sportland.lv\/magazine\/wp-json\/wp\/v2\/pages"}],"about":[{"href":"https:\/\/sportland.lv\/magazine\/wp-json\/wp\/v2\/types\/page"}],"author":[{"embeddable":true,"href":"https:\/\/sportland.lv\/magazine\/wp-json\/wp\/v2\/users\/9"}],"replies":[{"embeddable":true,"href":"https:\/\/sportland.lv\/magazine\/wp-json\/wp\/v2\/comments?post=12821"}],"version-history":[{"count":5,"href":"https:\/\/sportland.lv\/magazine\/wp-json\/wp\/v2\/pages\/12821\/revisions"}],"predecessor-version":[{"id":12858,"href":"https:\/\/sportland.lv\/magazine\/wp-json\/wp\/v2\/pages\/12821\/revisions\/12858"}],"wp:featuredmedia":[{"embeddable":true,"href":"https:\/\/sportland.lv\/magazine\/wp-json\/wp\/v2\/media\/12822"}],"wp:attachment":[{"href":"https:\/\/sportland.lv\/magazine\/wp-json\/wp\/v2\/media?parent=12821"}],"curies":[{"name":"wp","href":"https:\/\/api.w.org\/{rel}","templated":true}]}}